{"id":98,"date":"2017-10-20T07:49:16","date_gmt":"2017-10-20T07:49:16","guid":{"rendered":"http:\/\/azbud.eu\/?page_id=98"},"modified":"2018-03-15T12:50:07","modified_gmt":"2018-03-15T12:50:07","slug":"stolarka-alu","status":"publish","type":"page","link":"http:\/\/azbud.eu\/index.php\/stolarka-alu\/","title":{"rendered":"Stolarka aluminiowa"},"content":{"rendered":"<p><script src=\"http:\/\/azbud.eu\/wp-content\/themes\/hestia\/assets\/js\/tablesaw-init.js\"><\/script><br \/>\n<script src=\"http:\/\/azbud.eu\/wp-content\/themes\/hestia\/assets\/js\/tablesaw.js\"><\/script><\/p>\n<p style=\"text-align: center;\"><strong><span style=\"font-size: 18pt; font-family: arial, helvetica, sans-serif;\">Systemy okienno-drzwiowe<\/span><\/strong><\/p>\n<p style=\"text-align: center;\"><em>bez izolacji cieplnej<\/em><\/p>\n<p>&nbsp;<\/p>\n<table class=\"tablesaw tablesaw-stack\" data-tablesaw-mode=\"stack\">\n<tbody>\n<tr>\n<td><img loading=\"lazy\" src=\"http:\/\/azbud.eu\/wp-content\/uploads\/2018\/03\/Ponzio-PE-40.jpg\" alt=\"\" width=\"300\" height=\"400\" \/><\/td>\n<td>\u00a0 \u00a0 \u00a0 PE 40<\/p>\n<ul>\n<li><span style=\"font-size: 12pt;\">do wykonania zabudowy wewn\u0119trznej<\/span><\/li>\n<li><span style=\"font-size: 12pt;\">zastosowanie wype\u0142nie\u0144 o grubo\u015bci: 1-23 mm<\/span><\/li>\n<\/ul>\n<\/td>\n<td><img loading=\"lazy\" src=\"http:\/\/azbud.eu\/wp-content\/uploads\/2018\/03\/Ponzio-PT-50.jpg\" alt=\"\" width=\"300\" height=\"400\" \/><\/td>\n<td>\u00a0 \u00a0 PT 50<\/p>\n<ul>\n<li><span style=\"font-size: 12pt;\">do wykonania zabudowy wewn\u0119trznej<\/span><\/li>\n<li><span style=\"font-size: 12pt;\">pozwala na zastosowanie wype\u0142nie\u0144 o grubo\u015bci 1-40 mm<\/span><\/li>\n<\/ul>\n<\/td>\n<\/tr>\n<\/tbody>\n<\/table>\n<p style=\"text-align: center;\"><em>posiadaj\u0105ce izolacje ciepln\u0105<\/em><\/p>\n<p>&nbsp;<\/p>\n<p>&nbsp;<\/p>\n<table class=\"tablesaw tablesaw-stack\" data-tablesaw-mode=\"stack\">\n<tbody>\n<tr>\n<td><img loading=\"lazy\" src=\"http:\/\/azbud.eu\/wp-content\/uploads\/2018\/03\/Ponzio-PE-52.jpg\" alt=\"\" width=\"300\" height=\"400\" \/><\/td>\n<td>\u00a0 \u00a0 \u00a0 PE 52<\/p>\n<ul>\n<li><span style=\"font-size: 12pt;\">trzykomorowa konstrukcja<\/span><\/li>\n<li><span style=\"font-size: 12pt;\">mo\u017cliwo\u015b\u0107 zastosowania wype\u0142nie\u0144 o grubo\u015bci 10-43 mm<\/span><\/li>\n<\/ul>\n<\/td>\n<td><img loading=\"lazy\" src=\"http:\/\/azbud.eu\/wp-content\/uploads\/2018\/03\/Ponzio-PT-52.jpg\" alt=\"\" width=\"300\" height=\"400\" \/><\/td>\n<td>\u00a0 \u00a0 PT 52<\/p>\n<ul>\n<li><span style=\"font-size: 12pt;\">wyprofilowane przek\u0142adki termiczne zapewniaj\u0105 prawid\u0142owe odwodnienie konstrukcji<\/span><\/li>\n<\/ul>\n<\/td>\n<\/tr>\n<tr>\n<td><img loading=\"lazy\" src=\"http:\/\/azbud.eu\/wp-content\/uploads\/2018\/03\/Ponzio-PT-60.jpg\" alt=\"\" width=\"300\" height=\"400\" \/><\/td>\n<td>\u00a0 \u00a0 \u00a0 PT 60<\/p>\n<ul>\n<li><span style=\"font-size: 12pt;\">trzykomorowa konstrukcja<\/span><\/li>\n<li><span style=\"font-size: 12pt;\">dodatkowa komora powoduje zwi\u0119kszenie sztywno\u015bci wi\u0119c mo\u017cna wykonywa\u0107 konstrukcje o du\u017cych gabarytach<\/span><\/li>\n<\/ul>\n<\/td>\n<td><img loading=\"lazy\" src=\"http:\/\/azbud.eu\/wp-content\/uploads\/2018\/03\/Ponzio-PE-60-e1519921671275.png\" alt=\"\" width=\"300\" height=\"400\" \/><\/td>\n<td>\u00a0 \u00a0 PE 60<\/p>\n<ul>\n<li><span style=\"font-size: 12pt;\">trzykomorowa konstrukcja<\/span><\/li>\n<li><span style=\"font-size: 12pt;\">mo\u017cliwo\u015b\u0107 zastosowania wype\u0142nie\u0144 o grubo\u015bci: 10-51 mm<\/span><\/li>\n<\/ul>\n<\/td>\n<\/tr>\n<tr>\n<td><img loading=\"lazy\" src=\"http:\/\/azbud.eu\/wp-content\/uploads\/2018\/03\/PE-68-e1519921805987.png\" alt=\"\" width=\"300\" height=\"400\" \/><\/td>\n<td>\u00a0 \u00a0 \u00a0 PE 68<\/p>\n<ul>\n<li><span style=\"font-size: 12pt;\">trzykomorowa konstrukcja<\/span><\/li>\n<li><span style=\"font-size: 12pt;\">przewodno\u015b\u0107 cieplna : 1,5 W\/m\u00b2 \u00b7 K<\/span><\/li>\n<\/ul>\n<\/td>\n<td><img loading=\"lazy\" src=\"http:\/\/azbud.eu\/wp-content\/uploads\/2018\/03\/pe68HI-e1519921836847.png\" alt=\"\" width=\"300\" height=\"400\" \/><\/td>\n<td>\u00a0 \u00a0 PE 68 HI OKNA<\/p>\n<ul>\n<li><span style=\"font-size: 12pt;\">trzykomorowa konstrukcja<\/span><\/li>\n<li><span style=\"font-size: 12pt;\">przewodno\u015b\u0107 cieplna : 1,3 W\/m\u00b2 \u00b7 K<\/span><\/li>\n<\/ul>\n<\/td>\n<\/tr>\n<tr>\n<td><img loading=\"lazy\" src=\"http:\/\/azbud.eu\/wp-content\/uploads\/2018\/03\/Ponzio-PE68-drzwi.png\" alt=\"\" width=\"300\" height=\"400\" \/><\/td>\n<td>\u00a0 \u00a0 \u00a0 PE 68 DRZWI<\/p>\n<ul>\n<li><span style=\"font-size: 12pt;\">trzykomorowa konstrukcja<\/span><\/li>\n<li><span style=\"font-size: 12pt;\">przewodno\u015b\u0107 cieplna : od 1,5 do 2,1 W\/m\u00b2 \u00b7 K<\/span><\/li>\n<\/ul>\n<\/td>\n<td><img loading=\"lazy\" src=\"http:\/\/azbud.eu\/wp-content\/uploads\/2018\/03\/Ponzio-PE-78N-US-e1519922925804.png\" alt=\"\" width=\"300\" height=\"400\" \/><\/td>\n<td>\u00a0 \u00a0 PE 78N OKNA<\/p>\n<ul>\n<li><span style=\"font-size: 12pt;\">trzykomorowa konstrukcja<\/span><\/li>\n<li><span style=\"font-size: 12pt;\">przewodno\u015b\u0107 cieplna : 1,3 W\/m\u00b2 \u00b7 K<\/span><\/li>\n<\/ul>\n<\/td>\n<\/tr>\n<tr>\n<td><img loading=\"lazy\" src=\"http:\/\/azbud.eu\/wp-content\/uploads\/2018\/03\/PE78N-HI-okno-e1519922549349.png\" alt=\"\" width=\"300\" height=\"400\" \/><\/td>\n<td>\u00a0 \u00a0 \u00a0 PE 78N HI<\/p>\n<ul>\n<li><span style=\"font-size: 12pt;\">trzykomorowa konstrukcja<\/span><\/li>\n<li><span style=\"font-size: 12pt;\">przewodno\u015b\u0107 cieplna : 0,9 W\/m\u00b2 \u00b7 K<\/span><\/li>\n<\/ul>\n<\/td>\n<td><img loading=\"lazy\" src=\"http:\/\/azbud.eu\/wp-content\/uploads\/2018\/03\/PE78N-drzwi-e1519922811592.png\" alt=\"\" width=\"300\" height=\"400\" \/><\/td>\n<td>\u00a0 \u00a0 PE 78N DRZWI<\/p>\n<ul>\n<li><span style=\"font-size: 12pt;\">trzykomorowa konstrukcja<\/span><\/li>\n<li><span style=\"font-size: 12pt;\">profilowane przek\u0142adki termiczne o szeroko\u015bci 34 mm<\/span><\/li>\n<\/ul>\n<\/td>\n<\/tr>\n<\/tbody>\n<\/table>\n<p style=\"text-align: center;\"><strong><span style=\"font-size: 18pt; font-family: arial, helvetica, sans-serif;\">Systemy przesuwne<\/span><\/strong><\/p>\n<table class=\"tablesaw tablesaw-stack\" data-tablesaw-mode=\"stack\">\n<tbody>\n<tr>\n<td><img loading=\"lazy\" src=\"http:\/\/azbud.eu\/wp-content\/uploads\/2018\/03\/Sliding-600m.jpg\" alt=\"\" width=\"131\" height=\"235\" class=\"\" \/><\/td>\n<td>\u00a0 \u00a0 \u00a0 SLIDING 600<\/p>\n<ul>\n<li><span style=\"font-size: 12pt;\">do wykonania zabudowy wewn\u0119trznej<\/span><\/li>\n<li><span style=\"font-size: 12pt;\">zastosowanie wype\u0142nie\u0144 o grubo\u015bci: 1-23 mm<\/span><\/li>\n<\/ul>\n<\/td>\n<td><img loading=\"lazy\" src=\"http:\/\/azbud.eu\/wp-content\/uploads\/2018\/03\/SL-600tt-EVOm.png\" alt=\"\" width=\"149\" height=\"226\" class=\"\" \/><\/td>\n<td>\u00a0 \u00a0 SLIDING 600tt EVO<\/p>\n<ul>\n<li><span style=\"font-size: 12pt;\">do wykonania zabudowy wewn\u0119trznej<\/span><\/li>\n<li><span style=\"font-size: 12pt;\">pozwala na zastosowanie wype\u0142nie\u0144 o grubo\u015bci 1-40 mm<\/span><\/li>\n<\/ul>\n<\/td>\n<\/tr>\n<tr>\n<td><img loading=\"lazy\" src=\"http:\/\/azbud.eu\/wp-content\/uploads\/2018\/03\/SLIDING1200TTm.jpg\" alt=\"\" width=\"300\" height=\"400\" \/><\/td>\n<td>\u00a0 \u00a0 \u00a0 SLIDING 1200tt<\/p>\n<ul>\n<li><span style=\"font-size: 12pt;\">do wykonania zabudowy wewn\u0119trznej<\/span><\/li>\n<li><span style=\"font-size: 12pt;\">zastosowanie wype\u0142nie\u0144 o grubo\u015bci: 1-23 mm<\/span><\/li>\n<\/ul>\n<\/td>\n<td><img loading=\"lazy\" src=\"http:\/\/azbud.eu\/wp-content\/uploads\/2018\/03\/SL-1600ttm.png\" alt=\"\" width=\"300\" height=\"400\" \/><\/td>\n<td>\u00a0 \u00a0 SL 1600tt<\/p>\n<ul>\n<li><span style=\"font-size: 12pt;\">do wykonania zabudowy wewn\u0119trznej<\/span><\/li>\n<li><span style=\"font-size: 12pt;\">pozwala na zastosowanie wype\u0142nie\u0144 o grubo\u015bci 1-40 mm<\/span><\/li>\n<\/ul>\n<\/td>\n<\/tr>\n<tr>\n<td><img loading=\"lazy\" src=\"http:\/\/azbud.eu\/wp-content\/uploads\/2018\/03\/SL-1600tt-HIm.png\" alt=\"\" width=\"300\" height=\"400\" \/><\/td>\n<td>\u00a0 \u00a0 \u00a0 SL 1600tt HI <\/p>\n<ul>\n<li><span style=\"font-size: 12pt;\">do wykonania zabudowy wewn\u0119trznej<\/span><\/li>\n<li><span style=\"font-size: 12pt;\">zastosowanie wype\u0142nie\u0144 o grubo\u015bci: 1-23 mm<\/span><\/li>\n<\/ul>\n<\/td>\n<\/tr>\n<\/tbody>\n<\/table>\n<p style=\"text-align: center;\"><strong><span style=\"font-size: 18pt; font-family: arial, helvetica, sans-serif;\">Systemy fasadowe<\/span><\/strong><\/p>\n<table class=\"tablesaw tablesaw-stack\" data-tablesaw-mode=\"stack\">\n<tbody>\n<tr>\n<td><img src=http:\/\/azbud.eu\/wp-content\/uploads\/2018\/03\/Ponzio-PF-152HIm.png\" alt=\"\" width=\"131\" height=\"235\" class=\"\" \/><\/td>\n<td>\u00a0 \u00a0 \u00a0 Ponzio PF 152 HI <\/p>\n<ul>\n<li><span style=\"font-size: 12pt;\">szyba jedno b\u0105d\u017a dwukomorowa<\/span><\/li>\n<li><span style=\"font-size: 12pt;\">wsp\u00f3\u0142czynnik przenikania ciep\u0142a od 0,6 do 1,15 W\/m\u00b2 \u00b7 K<\/span><\/li>\n<\/ul>\n<\/td>\n<td><img loading=\"lazy\" src=\"http:\/\/azbud.eu\/wp-content\/uploads\/2018\/03\/Ponzio-PF-152ESGm.png\" alt=\"\" width=\"149\" height=\"226\" class=\"\" \/><\/td>\n<td>\u00a0 \u00a0 Ponzio PF 152ESG<\/p>\n<ul>\n<li><span style=\"font-size: 12pt;\">do wykonania zabudowy wewn\u0119trznej<\/span><\/li>\n<li><span style=\"font-size: 12pt;\">pozwala na zastosowanie wype\u0142nie\u0144 o grubo\u015bci 1-40 mm<\/span><\/li>\n<\/ul>\n<\/td>\n<\/tr>\n<tr>\n<td><img loading=\"lazy\" src=\"http:\/\/azbud.eu\/wp-content\/uploads\/2018\/03\/Ponzio-NT-152-SGm.jpg\" alt=\"\" width=\"300\" height=\"400\" \/><\/td>\n<td>\u00a0 \u00a0 \u00a0 Ponzio NT 152SG<\/p>\n<ul>\n<li><span style=\"font-size: 12pt;\">do wykonania zabudowy wewn\u0119trznej<\/span><\/li>\n<li><span style=\"font-size: 12pt;\">zastosowanie wype\u0142nie\u0144 o grubo\u015bci: 1-23 mm<\/span><\/li>\n<\/ul>\n<\/td>\n<td><img loading=\"lazy\" src=\"http:\/\/azbud.eu\/wp-content\/uploads\/2018\/03\/Ponzio-PF-152WGm.jpg\" alt=\"\" width=\"300\" height=\"400\" \/><\/td>\n<td>\u00a0 \u00a0 Ponzio PF 152WG<\/p>\n<ul>\n<li><span style=\"font-size: 12pt;\">do wykonania zabudowy wewn\u0119trznej<\/span><\/li>\n<li><span style=\"font-size: 12pt;\">pozwala na zastosowanie wype\u0142nie\u0144 o grubo\u015bci 1-40 mm<\/span><\/li>\n<\/ul>\n<\/td>\n<\/tr>\n<tr>\n<td><img loading=\"lazy\" src=\"http:\/\/azbud.eu\/wp-content\/uploads\/2018\/03\/Ponzio-Sun-Protectm.png\" alt=\"\" width=\"300\" height=\"400\" \/><\/td>\n<td>\u00a0 \u00a0 \u00a0 SUN PROTECT <\/p>\n<ul>\n<li><span style=\"font-size: 12pt;\">do wykonania zabudowy wewn\u0119trznej<\/span><\/li>\n<li><span style=\"font-size: 12pt;\">zastosowanie wype\u0142nie\u0144 o grubo\u015bci: 1-23 mm<\/span><\/li>\n<\/ul>\n<\/td>\n<\/tr>\n<\/tbody>\n<\/table>\n","protected":false},"excerpt":{"rendered":"<p>Systemy okienno-drzwiowe bez izolacji cieplnej &nbsp; \u00a0 \u00a0 \u00a0 PE 40 do wykonania zabudowy wewn\u0119trznej zastosowanie wype\u0142nie\u0144 o grubo\u015bci: 1-23 mm \u00a0 \u00a0 PT 50 do wykonania zabudowy wewn\u0119trznej pozwala na zastosowanie wype\u0142nie\u0144 o grubo\u015bci 1-40 mm posiadaj\u0105ce izolacje ciepln\u0105 &nbsp; &nbsp; \u00a0 \u00a0 \u00a0 PE 52 trzykomorowa konstrukcja mo\u017cliwo\u015b\u0107 [&hellip;]<\/p>\n","protected":false},"author":1,"featured_media":0,"parent":0,"menu_order":0,"comment_status":"closed","ping_status":"closed","template":"","meta":[],"_links":{"self":[{"href":"http:\/\/azbud.eu\/index.php\/wp-json\/wp\/v2\/pages\/98"}],"collection":[{"href":"http:\/\/azbud.eu\/index.php\/wp-json\/wp\/v2\/pages"}],"about":[{"href":"http:\/\/azbud.eu\/index.php\/wp-json\/wp\/v2\/types\/page"}],"author":[{"embeddable":true,"href":"http:\/\/azbud.eu\/index.php\/wp-json\/wp\/v2\/users\/1"}],"replies":[{"embeddable":true,"href":"http:\/\/azbud.eu\/index.php\/wp-json\/wp\/v2\/comments?post=98"}],"version-history":[{"count":37,"href":"http:\/\/azbud.eu\/index.php\/wp-json\/wp\/v2\/pages\/98\/revisions"}],"predecessor-version":[{"id":486,"href":"http:\/\/azbud.eu\/index.php\/wp-json\/wp\/v2\/pages\/98\/revisions\/486"}],"wp:attachment":[{"href":"http:\/\/azbud.eu\/index.php\/wp-json\/wp\/v2\/media?parent=98"}],"curies":[{"name":"wp","href":"https:\/\/api.w.org\/{rel}","templated":true}]}}